{"id":561,"date":"2025-11-28T15:32:16","date_gmt":"2025-11-28T15:32:16","guid":{"rendered":"http:\/\/lojavirtual.local\/?post_type=product&#038;p=561"},"modified":"2025-11-28T15:32:22","modified_gmt":"2025-11-28T15:32:22","slug":"tonico-facial-de-cha-verde","status":"publish","type":"product","link":"https:\/\/ingridnogueiraweb.com.br\/flordosol\/produto\/tonico-facial-de-cha-verde\/","title":{"rendered":"T\u00f4nico Facial de Ch\u00e1 Verde"},"content":{"rendered":"<p data-start=\"2865\" data-end=\"3013\">Auxilia no controle da oleosidade e deixa a pele revigorada. O ch\u00e1 verde \u00e9 rico em antioxidantes que ajudam a proteger a pele das agress\u00f5es di\u00e1rias.<\/p>\n","protected":false},"excerpt":{"rendered":"<p>Auxilia no controle da oleosidade e deixa a pele revigorada. O ch\u00e1 verde \u00e9 rico em antioxidantes que ajudam a proteger a pele das agress\u00f5es di\u00e1rias.<\/p>\n","protected":false},"featured_media":562,"comment_status":"open","ping_status":"closed","template":"","meta":[],"product_brand":[],"product_cat":[19,23],"product_tag":[],"class_list":{"0":"post-561","1":"product","2":"type-product","3":"status-publish","4":"has-post-thumbnail","6":"product_cat-pele","7":"product_cat-rosto","9":"first","10":"instock","11":"shipping-taxable","12":"purchasable","13":"product-type-simple"},"_links":{"self":[{"href":"https:\/\/ingridnogueiraweb.com.br\/flordosol\/wp-json\/wp\/v2\/product\/561","targetHints":{"allow":["GET"]}}],"collection":[{"href":"https:\/\/ingridnogueiraweb.com.br\/flordosol\/wp-json\/wp\/v2\/product"}],"about":[{"href":"https:\/\/ingridnogueiraweb.com.br\/flordosol\/wp-json\/wp\/v2\/types\/product"}],"replies":[{"embeddable":true,"href":"https:\/\/ingridnogueiraweb.com.br\/flordosol\/wp-json\/wp\/v2\/comments?post=561"}],"wp:featuredmedia":[{"embeddable":true,"href":"https:\/\/ingridnogueiraweb.com.br\/flordosol\/wp-json\/wp\/v2\/media\/562"}],"wp:attachment":[{"href":"https:\/\/ingridnogueiraweb.com.br\/flordosol\/wp-json\/wp\/v2\/media?parent=561"}],"wp:term":[{"taxonomy":"product_brand","embeddable":true,"href":"https:\/\/ingridnogueiraweb.com.br\/flordosol\/wp-json\/wp\/v2\/product_brand?post=561"},{"taxonomy":"product_cat","embeddable":true,"href":"https:\/\/ingridnogueiraweb.com.br\/flordosol\/wp-json\/wp\/v2\/product_cat?post=561"},{"taxonomy":"product_tag","embeddable":true,"href":"https:\/\/ingridnogueiraweb.com.br\/flordosol\/wp-json\/wp\/v2\/product_tag?post=561"}],"curies":[{"name":"wp","href":"https:\/\/api.w.org\/{rel}","templated":true}]}}