{"id":557,"date":"2025-11-28T14:51:17","date_gmt":"2025-11-28T14:51:17","guid":{"rendered":"http:\/\/lojavirtual.local\/?post_type=product&#038;p=557"},"modified":"2025-11-28T14:51:17","modified_gmt":"2025-11-28T14:51:17","slug":"vela-aromatica-natural-capim-limao","status":"publish","type":"product","link":"https:\/\/ingridnogueiraweb.com.br\/flordosol\/produto\/vela-aromatica-natural-capim-limao\/","title":{"rendered":"Vela Arom\u00e1tica Natural \u2013 Capim-Lim\u00e3o"},"content":{"rendered":"<p>Feita com cera vegetal e \u00f3leos essenciais. Aroma c\u00edtrico e energizante, perfeito para renova\u00e7\u00e3o do ambiente, rituais de autocuidado ou criar uma vibe relaxada.<\/p>\n","protected":false},"excerpt":{"rendered":"<p>Feita com cera vegetal e \u00f3leos essenciais. Aroma c\u00edtrico e energizante, perfeito para renova\u00e7\u00e3o do ambiente, rituais de autocuidado ou criar uma vibe relaxada.<\/p>\n","protected":false},"featured_media":558,"comment_status":"open","ping_status":"closed","template":"","meta":[],"product_brand":[],"product_cat":[20,25],"product_tag":[],"class_list":{"0":"post-557","1":"product","2":"type-product","3":"status-publish","4":"has-post-thumbnail","6":"product_cat-aromaterapia","7":"product_cat-velas","9":"first","10":"instock","11":"shipping-taxable","12":"purchasable","13":"product-type-simple"},"_links":{"self":[{"href":"https:\/\/ingridnogueiraweb.com.br\/flordosol\/wp-json\/wp\/v2\/product\/557","targetHints":{"allow":["GET"]}}],"collection":[{"href":"https:\/\/ingridnogueiraweb.com.br\/flordosol\/wp-json\/wp\/v2\/product"}],"about":[{"href":"https:\/\/ingridnogueiraweb.com.br\/flordosol\/wp-json\/wp\/v2\/types\/product"}],"replies":[{"embeddable":true,"href":"https:\/\/ingridnogueiraweb.com.br\/flordosol\/wp-json\/wp\/v2\/comments?post=557"}],"wp:featuredmedia":[{"embeddable":true,"href":"https:\/\/ingridnogueiraweb.com.br\/flordosol\/wp-json\/wp\/v2\/media\/558"}],"wp:attachment":[{"href":"https:\/\/ingridnogueiraweb.com.br\/flordosol\/wp-json\/wp\/v2\/media?parent=557"}],"wp:term":[{"taxonomy":"product_brand","embeddable":true,"href":"https:\/\/ingridnogueiraweb.com.br\/flordosol\/wp-json\/wp\/v2\/product_brand?post=557"},{"taxonomy":"product_cat","embeddable":true,"href":"https:\/\/ingridnogueiraweb.com.br\/flordosol\/wp-json\/wp\/v2\/product_cat?post=557"},{"taxonomy":"product_tag","embeddable":true,"href":"https:\/\/ingridnogueiraweb.com.br\/flordosol\/wp-json\/wp\/v2\/product_tag?post=557"}],"curies":[{"name":"wp","href":"https:\/\/api.w.org\/{rel}","templated":true}]}}