{"id":555,"date":"2025-11-28T14:47:08","date_gmt":"2025-11-28T14:47:08","guid":{"rendered":"http:\/\/lojavirtual.local\/?post_type=product&#038;p=555"},"modified":"2025-11-28T14:47:09","modified_gmt":"2025-11-28T14:47:09","slug":"desodorante-natural-em-creme","status":"publish","type":"product","link":"https:\/\/ingridnogueiraweb.com.br\/flordosol\/produto\/desodorante-natural-em-creme\/","title":{"rendered":"Desodorante Natural em Creme"},"content":{"rendered":"<p>Prote\u00e7\u00e3o natural com toque aveludado. F\u00f3rmula sem alum\u00ednio e sem \u00e1lcool, com \u00f3leos essenciais que ajudam a controlar odores sem bloquear a transpira\u00e7\u00e3o. Conforto o dia todo.<\/p>\n","protected":false},"excerpt":{"rendered":"<p>Prote\u00e7\u00e3o natural com toque aveludado. F\u00f3rmula sem alum\u00ednio e sem \u00e1lcool, com \u00f3leos essenciais que ajudam a controlar odores sem bloquear a transpira\u00e7\u00e3o. Conforto o dia todo.<\/p>\n","protected":false},"featured_media":556,"comment_status":"open","ping_status":"closed","template":"","meta":[],"product_brand":[],"product_cat":[24,19],"product_tag":[],"class_list":{"0":"post-555","1":"product","2":"type-product","3":"status-publish","4":"has-post-thumbnail","6":"product_cat-corpo","7":"product_cat-pele","9":"first","10":"instock","11":"shipping-taxable","12":"purchasable","13":"product-type-simple"},"_links":{"self":[{"href":"https:\/\/ingridnogueiraweb.com.br\/flordosol\/wp-json\/wp\/v2\/product\/555","targetHints":{"allow":["GET"]}}],"collection":[{"href":"https:\/\/ingridnogueiraweb.com.br\/flordosol\/wp-json\/wp\/v2\/product"}],"about":[{"href":"https:\/\/ingridnogueiraweb.com.br\/flordosol\/wp-json\/wp\/v2\/types\/product"}],"replies":[{"embeddable":true,"href":"https:\/\/ingridnogueiraweb.com.br\/flordosol\/wp-json\/wp\/v2\/comments?post=555"}],"wp:featuredmedia":[{"embeddable":true,"href":"https:\/\/ingridnogueiraweb.com.br\/flordosol\/wp-json\/wp\/v2\/media\/556"}],"wp:attachment":[{"href":"https:\/\/ingridnogueiraweb.com.br\/flordosol\/wp-json\/wp\/v2\/media?parent=555"}],"wp:term":[{"taxonomy":"product_brand","embeddable":true,"href":"https:\/\/ingridnogueiraweb.com.br\/flordosol\/wp-json\/wp\/v2\/product_brand?post=555"},{"taxonomy":"product_cat","embeddable":true,"href":"https:\/\/ingridnogueiraweb.com.br\/flordosol\/wp-json\/wp\/v2\/product_cat?post=555"},{"taxonomy":"product_tag","embeddable":true,"href":"https:\/\/ingridnogueiraweb.com.br\/flordosol\/wp-json\/wp\/v2\/product_tag?post=555"}],"curies":[{"name":"wp","href":"https:\/\/api.w.org\/{rel}","templated":true}]}}