{"id":547,"date":"2025-11-28T13:54:01","date_gmt":"2025-11-28T13:54:01","guid":{"rendered":"http:\/\/lojavirtual.local\/?post_type=product&#038;p=547"},"modified":"2025-11-28T13:58:03","modified_gmt":"2025-11-28T13:58:03","slug":"shampoo-solido-natural","status":"publish","type":"product","link":"https:\/\/ingridnogueiraweb.com.br\/flordosol\/produto\/shampoo-solido-natural\/","title":{"rendered":"Shampoo S\u00f3lido Natural"},"content":{"rendered":"<p>Lava de forma gentil e eficaz com espuma cremosa sem sulfatos. Feito com \u00f3leos e extratos naturais, deixa os fios leves, saud\u00e1veis e perfumados. Substitui at\u00e9 2 frascos de shampoo l\u00edquido.<\/p>\n","protected":false},"excerpt":{"rendered":"<p>Lava de forma gentil e eficaz com espuma cremosa sem sulfatos. Feito com \u00f3leos e extratos naturais, deixa os fios leves, saud\u00e1veis e perfumados. Substitui at\u00e9 2 frascos de shampoo l\u00edquido.<\/p>\n","protected":false},"featured_media":549,"comment_status":"open","ping_status":"closed","template":"","meta":[],"product_brand":[],"product_cat":[17,21],"product_tag":[],"class_list":{"0":"post-547","1":"product","2":"type-product","3":"status-publish","4":"has-post-thumbnail","6":"product_cat-cabelos","7":"product_cat-shampoos","9":"first","10":"instock","11":"shipping-taxable","12":"purchasable","13":"product-type-simple"},"_links":{"self":[{"href":"https:\/\/ingridnogueiraweb.com.br\/flordosol\/wp-json\/wp\/v2\/product\/547","targetHints":{"allow":["GET"]}}],"collection":[{"href":"https:\/\/ingridnogueiraweb.com.br\/flordosol\/wp-json\/wp\/v2\/product"}],"about":[{"href":"https:\/\/ingridnogueiraweb.com.br\/flordosol\/wp-json\/wp\/v2\/types\/product"}],"replies":[{"embeddable":true,"href":"https:\/\/ingridnogueiraweb.com.br\/flordosol\/wp-json\/wp\/v2\/comments?post=547"}],"wp:featuredmedia":[{"embeddable":true,"href":"https:\/\/ingridnogueiraweb.com.br\/flordosol\/wp-json\/wp\/v2\/media\/549"}],"wp:attachment":[{"href":"https:\/\/ingridnogueiraweb.com.br\/flordosol\/wp-json\/wp\/v2\/media?parent=547"}],"wp:term":[{"taxonomy":"product_brand","embeddable":true,"href":"https:\/\/ingridnogueiraweb.com.br\/flordosol\/wp-json\/wp\/v2\/product_brand?post=547"},{"taxonomy":"product_cat","embeddable":true,"href":"https:\/\/ingridnogueiraweb.com.br\/flordosol\/wp-json\/wp\/v2\/product_cat?post=547"},{"taxonomy":"product_tag","embeddable":true,"href":"https:\/\/ingridnogueiraweb.com.br\/flordosol\/wp-json\/wp\/v2\/product_tag?post=547"}],"curies":[{"name":"wp","href":"https:\/\/api.w.org\/{rel}","templated":true}]}}