{"id":539,"date":"2025-11-28T13:04:13","date_gmt":"2025-11-28T13:04:13","guid":{"rendered":"http:\/\/lojavirtual.local\/?post_type=product&#038;p=539"},"modified":"2025-11-28T13:27:16","modified_gmt":"2025-11-28T13:27:16","slug":"esfoliante-corporal-de-acucar-mascavo","status":"publish","type":"product","link":"https:\/\/ingridnogueiraweb.com.br\/flordosol\/produto\/esfoliante-corporal-de-acucar-mascavo\/","title":{"rendered":"Esfoliante Corporal de A\u00e7\u00facar Mascavo"},"content":{"rendered":"<p>Renova, suaviza e perfuma levemente a pele. O a\u00e7\u00facar mascavo remove c\u00e9lulas mortas enquanto os \u00f3leos vegetais deixam um toque macio imediato. Sensa\u00e7\u00e3o de banho de spa em casa.<\/p>\n","protected":false},"excerpt":{"rendered":"<p>Renova, suaviza e perfuma levemente a pele. O a\u00e7\u00facar mascavo remove c\u00e9lulas mortas enquanto os \u00f3leos vegetais deixam um toque macio imediato. Sensa\u00e7\u00e3o de banho de spa em casa.<\/p>\n","protected":false},"featured_media":546,"comment_status":"open","ping_status":"closed","template":"","meta":[],"product_brand":[],"product_cat":[24,19],"product_tag":[],"class_list":{"0":"post-539","1":"product","2":"type-product","3":"status-publish","4":"has-post-thumbnail","6":"product_cat-corpo","7":"product_cat-pele","9":"first","10":"instock","11":"shipping-taxable","12":"purchasable","13":"product-type-simple"},"_links":{"self":[{"href":"https:\/\/ingridnogueiraweb.com.br\/flordosol\/wp-json\/wp\/v2\/product\/539","targetHints":{"allow":["GET"]}}],"collection":[{"href":"https:\/\/ingridnogueiraweb.com.br\/flordosol\/wp-json\/wp\/v2\/product"}],"about":[{"href":"https:\/\/ingridnogueiraweb.com.br\/flordosol\/wp-json\/wp\/v2\/types\/product"}],"replies":[{"embeddable":true,"href":"https:\/\/ingridnogueiraweb.com.br\/flordosol\/wp-json\/wp\/v2\/comments?post=539"}],"wp:featuredmedia":[{"embeddable":true,"href":"https:\/\/ingridnogueiraweb.com.br\/flordosol\/wp-json\/wp\/v2\/media\/546"}],"wp:attachment":[{"href":"https:\/\/ingridnogueiraweb.com.br\/flordosol\/wp-json\/wp\/v2\/media?parent=539"}],"wp:term":[{"taxonomy":"product_brand","embeddable":true,"href":"https:\/\/ingridnogueiraweb.com.br\/flordosol\/wp-json\/wp\/v2\/product_brand?post=539"},{"taxonomy":"product_cat","embeddable":true,"href":"https:\/\/ingridnogueiraweb.com.br\/flordosol\/wp-json\/wp\/v2\/product_cat?post=539"},{"taxonomy":"product_tag","embeddable":true,"href":"https:\/\/ingridnogueiraweb.com.br\/flordosol\/wp-json\/wp\/v2\/product_tag?post=539"}],"curies":[{"name":"wp","href":"https:\/\/api.w.org\/{rel}","templated":true}]}}