{"id":533,"date":"2025-11-27T19:12:43","date_gmt":"2025-11-27T19:12:43","guid":{"rendered":"http:\/\/lojavirtual.local\/?post_type=product&#038;p=533"},"modified":"2025-11-27T19:14:08","modified_gmt":"2025-11-27T19:14:08","slug":"hidratante-facial-com-aloe-vera","status":"publish","type":"product","link":"https:\/\/ingridnogueiraweb.com.br\/flordosol\/produto\/hidratante-facial-com-aloe-vera\/","title":{"rendered":"Hidratante Facial Aloe-Vera"},"content":{"rendered":"<p>Textura leve, absor\u00e7\u00e3o r\u00e1pida e hidrata\u00e7\u00e3o di\u00e1ria garantida. A aloe vera acalma, reequilibra e deixa a pele fresca o dia todo. Ideal para todos os tipos de pele, inclusive as mais sens\u00edveis.<\/p>\n","protected":false},"excerpt":{"rendered":"<p>Textura leve, absor\u00e7\u00e3o r\u00e1pida e hidrata\u00e7\u00e3o di\u00e1ria garantida. A aloe vera acalma, reequilibra e deixa a pele fresca o dia todo. Ideal para todos os tipos de pele, inclusive as mais sens\u00edveis.<\/p>\n","protected":false},"featured_media":534,"comment_status":"open","ping_status":"closed","template":"","meta":[],"product_brand":[],"product_cat":[19,23],"product_tag":[],"class_list":{"0":"post-533","1":"product","2":"type-product","3":"status-publish","4":"has-post-thumbnail","6":"product_cat-pele","7":"product_cat-rosto","9":"first","10":"instock","11":"shipping-taxable","12":"purchasable","13":"product-type-simple"},"_links":{"self":[{"href":"https:\/\/ingridnogueiraweb.com.br\/flordosol\/wp-json\/wp\/v2\/product\/533","targetHints":{"allow":["GET"]}}],"collection":[{"href":"https:\/\/ingridnogueiraweb.com.br\/flordosol\/wp-json\/wp\/v2\/product"}],"about":[{"href":"https:\/\/ingridnogueiraweb.com.br\/flordosol\/wp-json\/wp\/v2\/types\/product"}],"replies":[{"embeddable":true,"href":"https:\/\/ingridnogueiraweb.com.br\/flordosol\/wp-json\/wp\/v2\/comments?post=533"}],"wp:featuredmedia":[{"embeddable":true,"href":"https:\/\/ingridnogueiraweb.com.br\/flordosol\/wp-json\/wp\/v2\/media\/534"}],"wp:attachment":[{"href":"https:\/\/ingridnogueiraweb.com.br\/flordosol\/wp-json\/wp\/v2\/media?parent=533"}],"wp:term":[{"taxonomy":"product_brand","embeddable":true,"href":"https:\/\/ingridnogueiraweb.com.br\/flordosol\/wp-json\/wp\/v2\/product_brand?post=533"},{"taxonomy":"product_cat","embeddable":true,"href":"https:\/\/ingridnogueiraweb.com.br\/flordosol\/wp-json\/wp\/v2\/product_cat?post=533"},{"taxonomy":"product_tag","embeddable":true,"href":"https:\/\/ingridnogueiraweb.com.br\/flordosol\/wp-json\/wp\/v2\/product_tag?post=533"}],"curies":[{"name":"wp","href":"https:\/\/api.w.org\/{rel}","templated":true}]}}