{"id":531,"date":"2025-11-27T19:10:06","date_gmt":"2025-11-27T19:10:06","guid":{"rendered":"http:\/\/lojavirtual.local\/?post_type=product&#038;p=531"},"modified":"2025-11-28T13:24:17","modified_gmt":"2025-11-28T13:24:17","slug":"manteiga-corporal-de-karite","status":"publish","type":"product","link":"https:\/\/ingridnogueiraweb.com.br\/flordosol\/produto\/manteiga-corporal-de-karite\/","title":{"rendered":"Manteiga Corporal de Karit\u00e9"},"content":{"rendered":"<p>Nutri\u00e7\u00e3o intensa para \u00e1reas ressecadas. A manteiga de karit\u00e9 pura cria uma camada protetora natural que recupera a elasticidade da pele e mant\u00e9m a hidrata\u00e7\u00e3o por horas. Perfeito para cotovelos, pernas e m\u00e3os.<\/p>\n","protected":false},"excerpt":{"rendered":"<p>Nutri\u00e7\u00e3o intensa para \u00e1reas ressecadas. A manteiga de karit\u00e9 pura cria uma camada protetora natural que recupera a elasticidade da pele e mant\u00e9m a hidrata\u00e7\u00e3o por horas. Perfeito para cotovelos, pernas e m\u00e3os.<\/p>\n","protected":false},"featured_media":544,"comment_status":"open","ping_status":"closed","template":"","meta":[],"product_brand":[],"product_cat":[24,19],"product_tag":[],"class_list":{"0":"post-531","1":"product","2":"type-product","3":"status-publish","4":"has-post-thumbnail","6":"product_cat-corpo","7":"product_cat-pele","9":"first","10":"instock","11":"shipping-taxable","12":"purchasable","13":"product-type-simple"},"_links":{"self":[{"href":"https:\/\/ingridnogueiraweb.com.br\/flordosol\/wp-json\/wp\/v2\/product\/531","targetHints":{"allow":["GET"]}}],"collection":[{"href":"https:\/\/ingridnogueiraweb.com.br\/flordosol\/wp-json\/wp\/v2\/product"}],"about":[{"href":"https:\/\/ingridnogueiraweb.com.br\/flordosol\/wp-json\/wp\/v2\/types\/product"}],"replies":[{"embeddable":true,"href":"https:\/\/ingridnogueiraweb.com.br\/flordosol\/wp-json\/wp\/v2\/comments?post=531"}],"wp:featuredmedia":[{"embeddable":true,"href":"https:\/\/ingridnogueiraweb.com.br\/flordosol\/wp-json\/wp\/v2\/media\/544"}],"wp:attachment":[{"href":"https:\/\/ingridnogueiraweb.com.br\/flordosol\/wp-json\/wp\/v2\/media?parent=531"}],"wp:term":[{"taxonomy":"product_brand","embeddable":true,"href":"https:\/\/ingridnogueiraweb.com.br\/flordosol\/wp-json\/wp\/v2\/product_brand?post=531"},{"taxonomy":"product_cat","embeddable":true,"href":"https:\/\/ingridnogueiraweb.com.br\/flordosol\/wp-json\/wp\/v2\/product_cat?post=531"},{"taxonomy":"product_tag","embeddable":true,"href":"https:\/\/ingridnogueiraweb.com.br\/flordosol\/wp-json\/wp\/v2\/product_tag?post=531"}],"curies":[{"name":"wp","href":"https:\/\/api.w.org\/{rel}","templated":true}]}}