{"id":486,"date":"2025-11-26T21:37:15","date_gmt":"2025-11-26T21:37:15","guid":{"rendered":"http:\/\/lojavirtual.local\/?post_type=product&#038;p=486"},"modified":"2025-11-26T21:37:15","modified_gmt":"2025-11-26T21:37:15","slug":"sabonetes-artesanais","status":"publish","type":"product","link":"https:\/\/ingridnogueiraweb.com.br\/flordosol\/produto\/sabonetes-artesanais\/","title":{"rendered":"Sabonetes Artesanais"},"content":{"rendered":"<p>Limpeza suave para peles sens\u00edveis. Feito \u00e0 m\u00e3o com base vegetal, manteiga nutritiva, que ajuda a uniformizar o tom da pele e trazer luminosidade natural. Espuma cremosa e aroma leve.<\/p>\n<p>Nas seguintes vers\u00f5es : Argila Rosa, Carv\u00e3o Ativado e Cal\u00eandula.<\/p>\n","protected":false},"excerpt":{"rendered":"<p>Nas seguintes vers\u00f5es : Argila Rosa, Carv\u00e3o Ativado e Cal\u00eandula<\/p>\n","protected":false},"featured_media":487,"comment_status":"open","ping_status":"closed","template":"","meta":[],"product_brand":[],"product_cat":[24,19,23],"product_tag":[],"class_list":{"0":"post-486","1":"product","2":"type-product","3":"status-publish","4":"has-post-thumbnail","6":"product_cat-corpo","7":"product_cat-pele","8":"product_cat-rosto","10":"first","11":"instock","12":"shipping-taxable","13":"purchasable","14":"product-type-variable"},"_links":{"self":[{"href":"https:\/\/ingridnogueiraweb.com.br\/flordosol\/wp-json\/wp\/v2\/product\/486","targetHints":{"allow":["GET"]}}],"collection":[{"href":"https:\/\/ingridnogueiraweb.com.br\/flordosol\/wp-json\/wp\/v2\/product"}],"about":[{"href":"https:\/\/ingridnogueiraweb.com.br\/flordosol\/wp-json\/wp\/v2\/types\/product"}],"replies":[{"embeddable":true,"href":"https:\/\/ingridnogueiraweb.com.br\/flordosol\/wp-json\/wp\/v2\/comments?post=486"}],"wp:featuredmedia":[{"embeddable":true,"href":"https:\/\/ingridnogueiraweb.com.br\/flordosol\/wp-json\/wp\/v2\/media\/487"}],"wp:attachment":[{"href":"https:\/\/ingridnogueiraweb.com.br\/flordosol\/wp-json\/wp\/v2\/media?parent=486"}],"wp:term":[{"taxonomy":"product_brand","embeddable":true,"href":"https:\/\/ingridnogueiraweb.com.br\/flordosol\/wp-json\/wp\/v2\/product_brand?post=486"},{"taxonomy":"product_cat","embeddable":true,"href":"https:\/\/ingridnogueiraweb.com.br\/flordosol\/wp-json\/wp\/v2\/product_cat?post=486"},{"taxonomy":"product_tag","embeddable":true,"href":"https:\/\/ingridnogueiraweb.com.br\/flordosol\/wp-json\/wp\/v2\/product_tag?post=486"}],"curies":[{"name":"wp","href":"https:\/\/api.w.org\/{rel}","templated":true}]}}