{"id":475,"date":"2025-11-26T21:15:24","date_gmt":"2025-11-26T21:15:24","guid":{"rendered":"http:\/\/lojavirtual.local\/?post_type=product&#038;p=475"},"modified":"2025-11-26T21:22:05","modified_gmt":"2025-11-26T21:22:05","slug":"oleo-corporal-natural","status":"publish","type":"product","link":"https:\/\/ingridnogueiraweb.com.br\/flordosol\/produto\/oleo-corporal-natural\/","title":{"rendered":"\u00d3leo Corporal Natural"},"content":{"rendered":"<p>Um cuidado di\u00e1rio que acalma a pele e a mente. Feito com \u00f3leos vegetais puros e fragr\u00e2ncia natural de lavanda, hidrata profundamente sem deixar sensa\u00e7\u00e3o pegajosa. Ideal para massagens, p\u00f3s-banho e para quem busca um momento de pausa de verdade.<\/p>\n","protected":false},"excerpt":{"rendered":"<p>Com aromas de Lavanda, Capim-lim\u00e3o e Alecrim<\/p>\n","protected":false},"featured_media":479,"comment_status":"open","ping_status":"closed","template":"","meta":[],"product_brand":[],"product_cat":[24,19],"product_tag":[],"class_list":{"0":"post-475","1":"product","2":"type-product","3":"status-publish","4":"has-post-thumbnail","6":"product_cat-corpo","7":"product_cat-pele","9":"first","10":"instock","11":"shipping-taxable","12":"purchasable","13":"product-type-variable"},"_links":{"self":[{"href":"https:\/\/ingridnogueiraweb.com.br\/flordosol\/wp-json\/wp\/v2\/product\/475","targetHints":{"allow":["GET"]}}],"collection":[{"href":"https:\/\/ingridnogueiraweb.com.br\/flordosol\/wp-json\/wp\/v2\/product"}],"about":[{"href":"https:\/\/ingridnogueiraweb.com.br\/flordosol\/wp-json\/wp\/v2\/types\/product"}],"replies":[{"embeddable":true,"href":"https:\/\/ingridnogueiraweb.com.br\/flordosol\/wp-json\/wp\/v2\/comments?post=475"}],"wp:featuredmedia":[{"embeddable":true,"href":"https:\/\/ingridnogueiraweb.com.br\/flordosol\/wp-json\/wp\/v2\/media\/479"}],"wp:attachment":[{"href":"https:\/\/ingridnogueiraweb.com.br\/flordosol\/wp-json\/wp\/v2\/media?parent=475"}],"wp:term":[{"taxonomy":"product_brand","embeddable":true,"href":"https:\/\/ingridnogueiraweb.com.br\/flordosol\/wp-json\/wp\/v2\/product_brand?post=475"},{"taxonomy":"product_cat","embeddable":true,"href":"https:\/\/ingridnogueiraweb.com.br\/flordosol\/wp-json\/wp\/v2\/product_cat?post=475"},{"taxonomy":"product_tag","embeddable":true,"href":"https:\/\/ingridnogueiraweb.com.br\/flordosol\/wp-json\/wp\/v2\/product_tag?post=475"}],"curies":[{"name":"wp","href":"https:\/\/api.w.org\/{rel}","templated":true}]}}